{"id":122,"date":"2012-07-16T21:32:15","date_gmt":"2012-07-16T21:32:15","guid":{"rendered":"http:\/\/www.marcobettin.it\/public\/sito\/?page_id=122"},"modified":"2022-03-24T22:57:47","modified_gmt":"2022-03-24T22:57:47","slug":"preparazione-fisica","status":"publish","type":"page","link":"https:\/\/www.marcobettin.it\/public\/sito\/index.php\/servizi\/preparazione-fisica\/","title":{"rendered":"PREPARAZIONE FISICA ED ATLETICA"},"content":{"rendered":"<p><img loading=\"lazy\" decoding=\"async\" class=\"size-full wp-image-316 aligncenter\" title=\"Preparazione Fisica e Atletica\" src=\"http:\/\/www.marcobettin.it\/public\/sito\/wp-content\/uploads\/2012\/07\/allenamento1.jpg\" alt=\"\" width=\"200\" height=\"140\" \/>Attualmente, per quanto riguarda tutti gli sport che non siano l&#8217;atletica leggera, non si parla pi\u00f9 di preparatore atletico bens\u00ec di <strong>Preparatore Fisico<\/strong>.<\/p>\n<p style=\"text-align: left;\">Egli \u00e8 colui che ha competenze:<\/p>\n<ul>\n<li style=\"text-align: left;\">nelle peculiarit\u00e0 della disciplina sportiva;<\/li>\n<li style=\"text-align: left;\">nella traumatologia specifica;<\/li>\n<li style=\"text-align: left;\">nei protocolli di rieducazione dell&#8217;atleta in seguito a traumi specifici.<\/li>\n<\/ul>\n<p>Sapendo che <strong>la metodologia dell&#8217;allenamento \u00e8 pi\u00f9 qualificata quanto pi\u00f9 si avvicina al modello funzionale<\/strong>, il Preparatore Fisico deve sempre avere le idee chiare su quali siano le diverse richieste della disciplina, in relazione all&#8217;atleta ed al suo ruolo.<br \/>\nPer questo motivo bisogna che sia preparato scientificamente visto che l&#8217;attivit\u00e0 motoria (soprattutto a livello sportivo agonistico) pu\u00f2 essere trattata come farmaco, visto le reazioni neuroendocrine che essa pu\u00f2 generare.<\/p>\n","protected":false},"excerpt":{"rendered":"<p>Attualmente, per quanto riguarda tutti gli sport che non siano l&#8217;atletica leggera, non si parla pi\u00f9 di preparatore atletico bens\u00ec [&hellip;]<\/p>\n","protected":false},"author":1,"featured_media":0,"parent":88,"menu_order":1000,"comment_status":"closed","ping_status":"closed","template":"","meta":{"site-sidebar-layout":"default","site-content-layout":"","ast-site-content-layout":"default","site-content-style":"default","site-sidebar-style":"default","ast-global-header-display":"","ast-banner-title-visibility":"","ast-main-header-display":"","ast-hfb-above-header-display":"","ast-hfb-below-header-display":"","ast-hfb-mobile-header-display":"","site-post-title":"","ast-breadcrumbs-content":"","ast-featured-img":"","footer-sml-layout":"","theme-transparent-header-meta":"","adv-header-id-meta":"","stick-header-meta":"","header-above-stick-meta":"","header-main-stick-meta":"","header-below-stick-meta":"","astra-migrate-meta-layouts":"default","ast-page-background-enabled":"default","ast-page-background-meta":{"desktop":{"background-color":"var(--ast-global-color-5)","background-image":"","background-repeat":"repeat","background-position":"center center","background-size":"auto","background-attachment":"scroll","background-type":"","background-media":"","overlay-type":"","overlay-color":"","overlay-opacity":"","overlay-gradient":""},"tablet":{"background-color":"","background-image":"","background-repeat":"repeat","background-position":"center center","background-size":"auto","background-attachment":"scroll","background-type":"","background-media":"","overlay-type":"","overlay-color":"","overlay-opacity":"","overlay-gradient":""},"mobile":{"background-color":"","background-image":"","background-repeat":"repeat","background-position":"center center","background-size":"auto","background-attachment":"scroll","background-type":"","background-media":"","overlay-type":"","overlay-color":"","overlay-opacity":"","overlay-gradient":""}},"ast-content-background-meta":{"desktop":{"background-color":"var(--ast-global-color-4)","background-image":"","background-repeat":"repeat","background-position":"center center","background-size":"auto","background-attachment":"scroll","background-type":"","background-media":"","overlay-type":"","overlay-color":"","overlay-opacity":"","overlay-gradient":""},"tablet":{"background-color":"var(--ast-global-color-4)","background-image":"","background-repeat":"repeat","background-position":"center center","background-size":"auto","background-attachment":"scroll","background-type":"","background-media":"","overlay-type":"","overlay-color":"","overlay-opacity":"","overlay-gradient":""},"mobile":{"background-color":"var(--ast-global-color-4)","background-image":"","background-repeat":"repeat","background-position":"center center","background-size":"auto","background-attachment":"scroll","background-type":"","background-media":"","overlay-type":"","overlay-color":"","overlay-opacity":"","overlay-gradient":""}},"footnotes":""},"class_list":["post-122","page","type-page","status-publish","hentry"],"_links":{"self":[{"href":"https:\/\/www.marcobettin.it\/public\/sito\/index.php\/wp-json\/wp\/v2\/pages\/122","targetHints":{"allow":["GET"]}}],"collection":[{"href":"https:\/\/www.marcobettin.it\/public\/sito\/index.php\/wp-json\/wp\/v2\/pages"}],"about":[{"href":"https:\/\/www.marcobettin.it\/public\/sito\/index.php\/wp-json\/wp\/v2\/types\/page"}],"author":[{"embeddable":true,"href":"https:\/\/www.marcobettin.it\/public\/sito\/index.php\/wp-json\/wp\/v2\/users\/1"}],"replies":[{"embeddable":true,"href":"https:\/\/www.marcobettin.it\/public\/sito\/index.php\/wp-json\/wp\/v2\/comments?post=122"}],"version-history":[{"count":11,"href":"https:\/\/www.marcobettin.it\/public\/sito\/index.php\/wp-json\/wp\/v2\/pages\/122\/revisions"}],"predecessor-version":[{"id":1581,"href":"https:\/\/www.marcobettin.it\/public\/sito\/index.php\/wp-json\/wp\/v2\/pages\/122\/revisions\/1581"}],"up":[{"embeddable":true,"href":"https:\/\/www.marcobettin.it\/public\/sito\/index.php\/wp-json\/wp\/v2\/pages\/88"}],"wp:attachment":[{"href":"https:\/\/www.marcobettin.it\/public\/sito\/index.php\/wp-json\/wp\/v2\/media?parent=122"}],"curies":[{"name":"wp","href":"https:\/\/api.w.org\/{rel}","templated":true}]}}