{"id":119,"date":"2012-07-16T21:31:05","date_gmt":"2012-07-16T21:31:05","guid":{"rendered":"http:\/\/www.marcobettin.it\/public\/sito\/?page_id=119"},"modified":"2019-03-23T20:28:49","modified_gmt":"2019-03-23T20:28:49","slug":"terapia-manuale-osteopatica","status":"publish","type":"page","link":"https:\/\/www.marcobettin.it\/public\/sito\/index.php\/servizi\/terapia-manuale-osteopatica\/","title":{"rendered":"TERAPIA MANUALE OSTEOPATICA"},"content":{"rendered":"<p><a href=\"http:\/\/www.marcobettin.it\/public\/sito\/wp-content\/uploads\/2012\/07\/RCP_6967.jpg\"><img loading=\"lazy\" decoding=\"async\" class=\"alignleft size-medium wp-image-1142\" src=\"http:\/\/www.marcobettin.it\/public\/sito\/wp-content\/uploads\/2012\/07\/RCP_6967-300x199.jpg\" alt=\"RCP_6967\" width=\"300\" height=\"199\" srcset=\"https:\/\/www.marcobettin.it\/public\/sito\/wp-content\/uploads\/2012\/07\/RCP_6967-300x199.jpg 300w, https:\/\/www.marcobettin.it\/public\/sito\/wp-content\/uploads\/2012\/07\/RCP_6967-1024x682.jpg 1024w, https:\/\/www.marcobettin.it\/public\/sito\/wp-content\/uploads\/2012\/07\/RCP_6967-600x399.jpg 600w, https:\/\/www.marcobettin.it\/public\/sito\/wp-content\/uploads\/2012\/07\/RCP_6967-250x166.jpg 250w\" sizes=\"auto, (max-width: 300px) 100vw, 300px\" \/><\/a>L&#8217;<strong>Osteopatia,\u00a0<\/strong>comprendendo una serie di tecniche manuali molto precise, <strong>si propone di<\/strong> <strong>trattare i processi biomeccanici del corpo in disfunzione<\/strong> che impediscono alle varie parti del corpo di compiere le loro funzioni naturali.<br \/>\n<em>Proponendosi di giungere alla causa (e non all&#8217;effetto) e ristabilendo la mobilit\u00e0 della struttura, la funzione si pu\u00f2 riadattare ed il corpo potr\u00e0 iniziare il suo percorso di autoguarigione<\/em>.<\/p>\n","protected":false},"excerpt":{"rendered":"<p>L&#8217;Osteopatia,\u00a0comprendendo una serie di tecniche manuali molto precise, si propone di trattare i processi biomeccanici del corpo in disfunzione che [&hellip;]<\/p>\n","protected":false},"author":1,"featured_media":0,"parent":88,"menu_order":300,"comment_status":"closed","ping_status":"closed","template":"","meta":{"site-sidebar-layout":"default","site-content-layout":"","ast-site-content-layout":"default","site-content-style":"default","site-sidebar-style":"default","ast-global-header-display":"","ast-banner-title-visibility":"","ast-main-header-display":"","ast-hfb-above-header-display":"","ast-hfb-below-header-display":"","ast-hfb-mobile-header-display":"","site-post-title":"","ast-breadcrumbs-content":"","ast-featured-img":"","footer-sml-layout":"","theme-transparent-header-meta":"","adv-header-id-meta":"","stick-header-meta":"","header-above-stick-meta":"","header-main-stick-meta":"","header-below-stick-meta":"","astra-migrate-meta-layouts":"default","ast-page-background-enabled":"default","ast-page-background-meta":{"desktop":{"background-color":"var(--ast-global-color-5)","background-image":"","background-repeat":"repeat","background-position":"center center","background-size":"auto","background-attachment":"scroll","background-type":"","background-media":"","overlay-type":"","overlay-color":"","overlay-opacity":"","overlay-gradient":""},"tablet":{"background-color":"","background-image":"","background-repeat":"repeat","background-position":"center center","background-size":"auto","background-attachment":"scroll","background-type":"","background-media":"","overlay-type":"","overlay-color":"","overlay-opacity":"","overlay-gradient":""},"mobile":{"background-color":"","background-image":"","background-repeat":"repeat","background-position":"center center","background-size":"auto","background-attachment":"scroll","background-type":"","background-media":"","overlay-type":"","overlay-color":"","overlay-opacity":"","overlay-gradient":""}},"ast-content-background-meta":{"desktop":{"background-color":"var(--ast-global-color-4)","background-image":"","background-repeat":"repeat","background-position":"center center","background-size":"auto","background-attachment":"scroll","background-type":"","background-media":"","overlay-type":"","overlay-color":"","overlay-opacity":"","overlay-gradient":""},"tablet":{"background-color":"var(--ast-global-color-4)","background-image":"","background-repeat":"repeat","background-position":"center center","background-size":"auto","background-attachment":"scroll","background-type":"","background-media":"","overlay-type":"","overlay-color":"","overlay-opacity":"","overlay-gradient":""},"mobile":{"background-color":"var(--ast-global-color-4)","background-image":"","background-repeat":"repeat","background-position":"center center","background-size":"auto","background-attachment":"scroll","background-type":"","background-media":"","overlay-type":"","overlay-color":"","overlay-opacity":"","overlay-gradient":""}},"footnotes":""},"class_list":["post-119","page","type-page","status-publish","hentry"],"_links":{"self":[{"href":"https:\/\/www.marcobettin.it\/public\/sito\/index.php\/wp-json\/wp\/v2\/pages\/119","targetHints":{"allow":["GET"]}}],"collection":[{"href":"https:\/\/www.marcobettin.it\/public\/sito\/index.php\/wp-json\/wp\/v2\/pages"}],"about":[{"href":"https:\/\/www.marcobettin.it\/public\/sito\/index.php\/wp-json\/wp\/v2\/types\/page"}],"author":[{"embeddable":true,"href":"https:\/\/www.marcobettin.it\/public\/sito\/index.php\/wp-json\/wp\/v2\/users\/1"}],"replies":[{"embeddable":true,"href":"https:\/\/www.marcobettin.it\/public\/sito\/index.php\/wp-json\/wp\/v2\/comments?post=119"}],"version-history":[{"count":7,"href":"https:\/\/www.marcobettin.it\/public\/sito\/index.php\/wp-json\/wp\/v2\/pages\/119\/revisions"}],"predecessor-version":[{"id":1143,"href":"https:\/\/www.marcobettin.it\/public\/sito\/index.php\/wp-json\/wp\/v2\/pages\/119\/revisions\/1143"}],"up":[{"embeddable":true,"href":"https:\/\/www.marcobettin.it\/public\/sito\/index.php\/wp-json\/wp\/v2\/pages\/88"}],"wp:attachment":[{"href":"https:\/\/www.marcobettin.it\/public\/sito\/index.php\/wp-json\/wp\/v2\/media?parent=119"}],"curies":[{"name":"wp","href":"https:\/\/api.w.org\/{rel}","templated":true}]}}